{"id":4286,"date":"2018-11-27T17:53:36","date_gmt":"2018-11-27T17:53:36","guid":{"rendered":"http:\/\/www.cleliairuzun.com\/wp\/?page_id=4286"},"modified":"2019-03-31T11:46:39","modified_gmt":"2019-03-31T11:46:39","slug":"repertorio","status":"publish","type":"page","link":"http:\/\/cleliairuzun.com\/wp\/pt\/repertorio\/","title":{"rendered":"Repertorio"},"content":{"rendered":"<div class=\"wpb-content-wrapper\"><p>[vc_row full_width=&#8221;stretch_row_content_no_spaces&#8221; css=&#8221;.vc_custom_1551541754052{background-position: center !important;background-repeat: no-repeat !important;background-size: cover !important;}&#8221;][vc_column reveal_effect=&#8221;fadeIn&#8221; reveal_duration=&#8221;0.7&#8243;][vc_single_image image=&#8221;4388&#8243; img_size=&#8221;full&#8221; css_animation=&#8221;fadeIn&#8221;][\/vc_column][\/vc_row][vc_row][vc_column width=&#8221;1\/5&#8243;][lab_heading title_tag=&#8221;H1&#8243; title=&#8221;Repert\u00f3rio&#8221;][\/lab_heading][\/vc_column][vc_column width=&#8221;4\/5&#8243;][vc_column_text]O repert\u00f3rio de Cl\u00e9lia inclui as principais obras dos compositores cl\u00e1ssicos, rom\u00e2nticos e tamb\u00e9m espanh\u00f3is e latino-americanos. A extens\u00e3o de seu repert\u00f3rio vem desde Scarlatti, Bach, Weber, Haydn, Mozart, Beethoven, Schubert, passando pelos grandes romanticos Schumann, Chopin, Liszt, Mendelssohn, Brahms, os impressionistas franceses Debussy, Ravel, Faure e os russos Prokofieff, Scriabin e Rachmaninoff. Algumas especialidades s\u00e3o os espanh\u00f3is Granados, Albeniz, Mompou e de Falla e os compositores latino-americanos Villa-Lobos, Ginastera, Lecuona, Mignone, Guarnieri, Nobre, Nazareth e muitos outros.[\/vc_column_text][\/vc_column][\/vc_row][vc_row][vc_column][vc_separator color=&#8221;green&#8221;][vc_tta_tour][vc_tta_section title=&#8221;Obras mais executadas&#8221; tab_id=&#8221;1542735131953-e98d2d4f-97551935-665f&#8221;][vc_column_text]<\/p>\n<ul>\n<li><strong>Bach<\/strong>\u00a0\u2013sele\u00e7\u00e3o de Preludios e Fugas, Suites Inglesas e Francesas;<\/li>\n<li><strong>Weber<\/strong>\u00a0\u2013 Invitation a Valse;<\/li>\n<li><strong>Haydn<\/strong>\u2014 Andante e Varia\u00e7\u00f5es em Fa menor HOB XVII:6<\/li>\n<li><strong>Mozart<\/strong>\u00a0\u2013 Sonatas K311, 331, 332, 333, 576; Varia\u00e7\u00f5es ah vous dirai-je maman K265 e Duport K573<\/li>\n<li><strong>Beethoven<\/strong>\u00a0\u2013 Sonatas Op.2 No.3, Op.10 No.3, Op.31 No.3, Op. 53, Op. 57, Op.81A, Op.101;<\/li>\n<li><strong>Schubert<\/strong> \u2013 Impromptus Op.90, Wanderer Fantasy; Sonata Op.120<\/li>\n<li><strong>Mendelssohn<\/strong>\u00a0\u2013 Variations Serieuses, Rondo Capriccioso, Can\u00e7\u00f5es sem palavras;<\/li>\n<li><strong>Chopin<\/strong> \u2013 Baladas 1 and 3, Scherzo no.4, Sonata Op.58, Barcarolle Op.60, Fantasia Op.49, Mazurcas, Improvisos, Valsas, Noturnos, Andante Spianato and Grande Polonaise Op.22;<\/li>\n<li><strong>Schumann<\/strong> \u2013 Carnaval Op.9, Kinderzenen Op.15, Etudes Symphoniques Op.13, Waldszenen Op.82, Sonata Op.22;<\/li>\n<li><strong>Brahms\u00a0<\/strong>\u2013 Baladas Op.10, Rapsodias Op.79, sele\u00e7\u00e3o de pe\u00e7as dos Op.76, 117, 118, 119<\/li>\n<li><strong>Liszt\u00a0<\/strong>\u2013 Valsa Mephisto, Estudos, Transcri\u00e7\u00f5es de Trist\u00e3o e Isolda, Rigoletto, Fausto e can\u00e7\u00f5es de Schubert;<\/li>\n<li><strong>Debussy<\/strong>\u00a0\u2013 L\u2019isle Joyeuse, Etudes, Preludes;<\/li>\n<li><strong>Ravel<\/strong>\u00a0\u2013 Sonatine, Miroirs and Jeux d\u2019eau;<\/li>\n<li><strong>Scriabin<\/strong>\u00a0\u2013 Sonatas Nos. 3 and 4;<\/li>\n<li><strong>Strauss\/Schultz<\/strong>\u2013 Arabesques sobre o Danubio Azul;<\/li>\n<li><strong>Rachmaninoff\u00a0<\/strong>\u2013 selecao de Prel\u00fadios e Estudos:<\/li>\n<li><strong>Prokofieff<\/strong>\u00a0\u2013 Sonatas no.1 and 3;<\/li>\n<li><strong>Albeniz<\/strong>\u00a0\u2013 extratos da Suite Iberia e Suite Espanhola;<\/li>\n<li><strong>Granados<\/strong>\u00a0\u2013Valses Poeticos, extratos das Goyescas and El Pelele;<\/li>\n<li><strong>Ginastera<\/strong>\u00a0\u2013 Sonata No.1 e Dan\u00e7as Argentinas<\/li>\n<li><strong>Villa-Lobos<\/strong> \u2013Bachianas Brasileiras No.4, Choros No.5, Valsa da Dor, Ciclo Brasileiro e Prole do Bebe no.1;<\/li>\n<li><strong>Lecuona<\/strong>\u00a0\u2013 Suite Andalucia, Suite de Dan\u00e7as Afro-Cubanas;<\/li>\n<li><strong>Mompou\u00a0<\/strong>\u2013 12 Canciones y Danzas, Impressiones Intimas, Scenes d\u2019enfants, Variaciones sobre un tema de Chopin<\/li>\n<li>Sele\u00e7\u00e3o de obras de Nepomuceno, Levy, Oswald, Mignone, Marlos Nobre, Ronaldo Miranda, Jo\u00e3o Guilherme Ripper, Gottschalk, Guarnieri, Nazareth, etc<\/li>\n<\/ul>\n<p>[\/vc_column_text][\/vc_tta_section][vc_tta_section title=&#8221;M\u00fasica de C\u00e2mara&#8221; tab_id=&#8221;1542735131965-096d236e-382f1935-665f&#8221;][vc_column_text]<\/p>\n<ul>\n<li>Sonatas e pe\u00e7as para violino e piano de <strong>Brahms, Beethoven, Mozart, Cesar Franck, Strauss, Faure, Villa-Lobos, Hindemith, Janacek, John Adams, Charles Ives, Arvo Part, Amy Beach, Leopoldo Miguez, Henrique Oswald, Marlos Nobre, Francisco Mignone and Almeida Prado<\/strong><\/li>\n<li>Sonatas e pe\u00e7as para violoncelo e piano de <strong>Rachmaninoff, Chopin, Brahms, Beethoven, Bach, Cesar Frank, Villa-Lobos and Schubert<\/strong><\/li>\n<li>Trios de\u00a0<strong>Beethoven (Archduke Trio), Haydn, Tchaikovsky, Brahms, Ravel, Marlos Nobre, Arensky, Villa-Lobos, Faure, Schubert, Smetana and Dvorak.<\/strong><\/li>\n<li>Quartetos and Quintetos para piano e cordas de\u00a0<strong>Mozart, Schumann, Henrique Oswald, Jo\u00e3o Guilherme Ripper, Amy Beach and Brahms.<\/strong><\/li>\n<li>Quintetos para piano e sopros de\u00a0<strong>Mozart, Beethoven e Rimsky-Korsakov.<\/strong><\/li>\n<li>Sexteto de\u00a0<strong>Poulenc.<\/strong><\/li>\n<\/ul>\n<p>[\/vc_column_text][\/vc_tta_section][vc_tta_section title=&#8221;Concertos para piano e orquestra&#8221; tab_id=&#8221;1542735193903-c9b00f20-9f441935-665f&#8221;][vc_column_text]<\/p>\n<ul>\n<li><strong>BACH<\/strong>\u00a0\u2013 Concerto em Re menor<\/li>\n<li><strong>HAYDN<\/strong>\u00a0\u2013 Concerto em Re Major<\/li>\n<li><strong>MOZART<\/strong>\u00a0\u2013 Concertos K271, K414, K466, K488, K537<\/li>\n<li><strong>BEETHOVEN<\/strong>\u00a0\u2013 Concertos No.1, 2, 3, 4 and 5<\/li>\n<li><strong>SCHUBERT<\/strong>\u00a0\u2013 Concerto Rondo para piano e cordas<\/li>\n<li><strong>SCHUMANN<\/strong>\u00a0\u2013 Concerto Op.54<\/li>\n<li><strong>GRIEG<\/strong>\u00a0\u2013 Concerto Op.16<\/li>\n<li><strong>CHOPIN<\/strong>\u00a0\u2013 Concerto No.1 Op.11<\/li>\n<li><strong>MELDELSSOHN<\/strong>\u00a0\u2013 Concertos No.1 e 2, Concerto for piano e violino<\/li>\n<li><strong>RACHMANINOFF<\/strong>\u00a0\u2013 Concerto No.2<\/li>\n<li><strong>SAINT SAENS<\/strong> \u2013 Concertos No.2 e No.5<\/li>\n<li><strong>MANUEL DE FALLA<\/strong>\u00a0\u2013 Noites nos Jardins de Espanha<\/li>\n<li><strong>ALBENIZ<\/strong>\u00a0\u2013 Concierto Fantastico Op.78<\/li>\n<li><strong>VILLA-LOBOS<\/strong> \u2013 Momo Precoce, Bachianas Brasileiras No.3<\/li>\n<li><strong>FRANCISCO MIGNONE<\/strong>\n<ul>\n<li>Fantasias Brasileiras Nos. 3 e 4<\/li>\n<li>Concerto para piano e orquestra\n<ul>\n<li style=\"list-style-type: none;\">\n<ul>\n<li style=\"list-style-type: none;\"><\/li>\n<\/ul>\n<\/li>\n<\/ul>\n<\/li>\n<\/ul>\n<\/li>\n<li><strong>MARLOS NOBRE<\/strong>\u00a0\u2013 Concertante do imaginario, Divertimento<\/li>\n<li><strong>RONALDO MIRANDA<\/strong>\u00a0\u2013 Concertino para piano e cordas<\/li>\n<li><strong>ELIZABETH MACONCHY<\/strong>-Concertino para piano e pequena orquestra<\/li>\n<li><strong>HENRIQUE OSWALD<\/strong> &#8211; Concerto Op.10<\/li>\n<\/ul>\n<p>[\/vc_column_text][\/vc_tta_section][vc_tta_section title=&#8221;As Americas&#8221; tab_id=&#8221;1542735208008-bc9c68e1-9b331935-665f&#8221;][vc_column_text]<\/p>\n<ul>\n<li><strong>NEPOMUCENO<\/strong>&#8211; Suite Antiga Op.11<\/li>\n<li><strong>LECUONA<\/strong>\n<ul>\n<li>Ante El Escorial<\/li>\n<li>Danza Lucumi<\/li>\n<li>La Comparsa<\/li>\n<\/ul>\n<\/li>\n<li><strong>GINASTERA<\/strong>&#8211; Sonata Op.22 No.1<\/li>\n<li><strong>VILLA-LOBOS<\/strong>\n<ul>\n<li>Valsa da Dor<\/li>\n<li>Impress\u00f5es Seresteiras<\/li>\n<\/ul>\n<\/li>\n<li><strong>NAZARETH<\/strong>\n<ul>\n<li>Ameno Reseda<\/li>\n<li>Escovado<\/li>\n<li>Suculento<\/li>\n<\/ul>\n<\/li>\n<li><strong>GOTTSCHALK<\/strong>&#8211; Grande fantasia triunfal sobre o hino nacional Brasileiro<\/li>\n<\/ul>\n<p>[\/vc_column_text][\/vc_tta_section][vc_tta_section title=&#8221;Cl\u00e1ssicos Europeus&#8221; tab_id=&#8221;1542735357644-40004901-1fe11935-665f&#8221;][vc_column_text]<\/p>\n<ul>\n<li><strong>HAYDN<\/strong>\u2013 Andante e Varia\u00e7\u00f5es em Fa menor HOB XVII:6<\/li>\n<li><strong>BEETHOVEN<\/strong>\u2013 Sonata Op.53\n<ul>\n<li>Allegro con brio<\/li>\n<li>Introduzione- Adagio molto<\/li>\n<li>Rondo: Allegretto moderato- Prestissimo<\/li>\n<\/ul>\n<\/li>\n<li><strong>MENDELSSOHN<\/strong>\u2013 Variations S\u00e9rieuses Op. 54<\/li>\n<li><strong>SCHUBERT\/LISZT<\/strong>\u2013 Fruhlingsglaube\n<ul>\n<li>Du bist die Ruh<\/li>\n<li>Standchen<\/li>\n<\/ul>\n<\/li>\n<li><strong>LISZT<\/strong>\u2013 Valsa Mefisto<\/li>\n<\/ul>\n<p>[\/vc_column_text][\/vc_tta_section][vc_tta_section title=&#8221;Recital Chopin&#8221; tab_id=&#8221;1553552144060-1aac48eb-f01b&#8221;][vc_column_text]<strong>CHOPIN<\/strong><\/p>\n<ul>\n<li>Polonaise Op. 26 No.1<\/li>\n<li>Ballade Op.47 No.3<\/li>\n<li>Waltzes Op 18 &amp; Op.69 No.1<\/li>\n<li>Scherzo Op.54 No.4<\/li>\n<li>Nocturnes Op.27 Nos. 1 &amp; 2<\/li>\n<li>Sonata Op.58<\/li>\n<\/ul>\n<p>[\/vc_column_text][\/vc_tta_section][\/vc_tta_tour][\/vc_column][\/vc_row]<\/p>\n<\/div>","protected":false},"excerpt":{"rendered":"<p>[vc_row full_width=&#8221;stretch_row_content_no_spaces&#8221; css=&#8221;.vc_custom_1551541754052{background-position: center !important;background-repeat: no-repeat !important;background-size: cover !important;}&#8221;][vc_column reveal_effect=&#8221;fadeIn&#8221; reveal_duration=&#8221;0.7&#8243;][vc_single_image image=&#8221;4388&#8243; img_size=&#8221;full&#8221; css_animation=&#8221;fadeIn&#8221;][\/vc_column][\/vc_row][vc_row][vc_column width=&#8221;1\/5&#8243;][lab_heading title_tag=&#8221;H1&#8243; title=&#8221;Repert\u00f3rio&#8221;][\/lab_heading][\/vc_column][vc_column width=&#8221;4\/5&#8243;][vc_column_text]O repert\u00f3rio de Cl\u00e9lia inclui as principais obras dos compositores cl\u00e1ssicos, rom\u00e2nticos e tamb\u00e9m espanh\u00f3is e latino-americanos. A extens\u00e3o de seu repert\u00f3rio vem desde Scarlatti, Bach, Weber, Haydn, Mozart, Beethoven, Schubert, passando pelos grandes romanticos Schumann, Chopin, Liszt,&hellip;<\/p>\n","protected":false},"author":1,"featured_media":0,"parent":0,"menu_order":0,"comment_status":"closed","ping_status":"closed","template":"","meta":{"_mi_skip_tracking":false,"footnotes":""},"acf":[],"yoast_head":"<!-- This site is optimized with the Yoast SEO plugin v19.5.1 - https:\/\/yoast.com\/wordpress\/plugins\/seo\/ -->\n<title>Repertorio - Cl&eacute;lia Iruzun<\/title>\n<meta name=\"robots\" content=\"index, follow, max-snippet:-1, max-image-preview:large, max-video-preview:-1\" \/>\n<link rel=\"canonical\" href=\"http:\/\/cleliairuzun.com\/wp\/pt\/repertorio\/\" \/>\n<meta property=\"og:locale\" content=\"en_US\" \/>\n<meta property=\"og:type\" content=\"article\" \/>\n<meta property=\"og:title\" content=\"Repertorio - Cl&eacute;lia Iruzun\" \/>\n<meta property=\"og:description\" content=\"[vc_row full_width=&#8221;stretch_row_content_no_spaces&#8221; css=&#8221;.vc_custom_1551541754052{background-position: center !important;background-repeat: no-repeat !important;background-size: cover !important;}&#8221;][vc_column reveal_effect=&#8221;fadeIn&#8221; reveal_duration=&#8221;0.7&#8243;][vc_single_image image=&#8221;4388&#8243; img_size=&#8221;full&#8221; css_animation=&#8221;fadeIn&#8221;][\/vc_column][\/vc_row][vc_row][vc_column width=&#8221;1\/5&#8243;][lab_heading title_tag=&#8221;H1&#8243; title=&#8221;Repert\u00f3rio&#8221;][\/lab_heading][\/vc_column][vc_column width=&#8221;4\/5&#8243;][vc_column_text]O repert\u00f3rio de Cl\u00e9lia inclui as principais obras dos compositores cl\u00e1ssicos, rom\u00e2nticos e tamb\u00e9m espanh\u00f3is e latino-americanos. A extens\u00e3o de seu repert\u00f3rio vem desde Scarlatti, Bach, Weber, Haydn, Mozart, Beethoven, Schubert, passando pelos grandes romanticos Schumann, Chopin, Liszt,&hellip;\" \/>\n<meta property=\"og:url\" content=\"http:\/\/cleliairuzun.com\/wp\/pt\/repertorio\/\" \/>\n<meta property=\"og:site_name\" content=\"Cl&eacute;lia Iruzun\" \/>\n<meta property=\"article:publisher\" content=\"https:\/\/www.facebook.com\/clelia.iruzun\" \/>\n<meta property=\"article:modified_time\" content=\"2019-03-31T11:46:39+00:00\" \/>\n<meta name=\"twitter:card\" content=\"summary_large_image\" \/>\n<meta name=\"twitter:site\" content=\"@CleliaIruzun\" \/>\n<meta name=\"twitter:label1\" content=\"Est. reading time\" \/>\n\t<meta name=\"twitter:data1\" content=\"4 minutes\" \/>\n<script type=\"application\/ld+json\" class=\"yoast-schema-graph\">{\"@context\":\"https:\/\/schema.org\",\"@graph\":[{\"@type\":\"WebPage\",\"@id\":\"http:\/\/cleliairuzun.com\/wp\/pt\/repertorio\/\",\"url\":\"http:\/\/cleliairuzun.com\/wp\/pt\/repertorio\/\",\"name\":\"Repertorio - Cl&eacute;lia Iruzun\",\"isPartOf\":{\"@id\":\"http:\/\/cleliairuzun.com\/wp\/#website\"},\"datePublished\":\"2018-11-27T17:53:36+00:00\",\"dateModified\":\"2019-03-31T11:46:39+00:00\",\"breadcrumb\":{\"@id\":\"http:\/\/cleliairuzun.com\/wp\/pt\/repertorio\/#breadcrumb\"},\"inLanguage\":\"en\",\"potentialAction\":[{\"@type\":\"ReadAction\",\"target\":[\"http:\/\/cleliairuzun.com\/wp\/pt\/repertorio\/\"]}]},{\"@type\":\"BreadcrumbList\",\"@id\":\"http:\/\/cleliairuzun.com\/wp\/pt\/repertorio\/#breadcrumb\",\"itemListElement\":[{\"@type\":\"ListItem\",\"position\":1,\"name\":\"Home\",\"item\":\"https:\/\/cleliairuzun.com\/wp\/\"},{\"@type\":\"ListItem\",\"position\":2,\"name\":\"Repertorio\"}]},{\"@type\":\"WebSite\",\"@id\":\"http:\/\/cleliairuzun.com\/wp\/#website\",\"url\":\"http:\/\/cleliairuzun.com\/wp\/\",\"name\":\"Cl\u00e9lia Iruzun\",\"description\":\"Brazilian Pianist Based in London\",\"potentialAction\":[{\"@type\":\"SearchAction\",\"target\":{\"@type\":\"EntryPoint\",\"urlTemplate\":\"http:\/\/cleliairuzun.com\/wp\/?s={search_term_string}\"},\"query-input\":\"required name=search_term_string\"}],\"inLanguage\":\"en\"}]}<\/script>\n<!-- \/ Yoast SEO plugin. -->","yoast_head_json":{"title":"Repertorio - Cl&eacute;lia Iruzun","robots":{"index":"index","follow":"follow","max-snippet":"max-snippet:-1","max-image-preview":"max-image-preview:large","max-video-preview":"max-video-preview:-1"},"canonical":"http:\/\/cleliairuzun.com\/wp\/pt\/repertorio\/","og_locale":"en_US","og_type":"article","og_title":"Repertorio - Cl&eacute;lia Iruzun","og_description":"[vc_row full_width=&#8221;stretch_row_content_no_spaces&#8221; css=&#8221;.vc_custom_1551541754052{background-position: center !important;background-repeat: no-repeat !important;background-size: cover !important;}&#8221;][vc_column reveal_effect=&#8221;fadeIn&#8221; reveal_duration=&#8221;0.7&#8243;][vc_single_image image=&#8221;4388&#8243; img_size=&#8221;full&#8221; css_animation=&#8221;fadeIn&#8221;][\/vc_column][\/vc_row][vc_row][vc_column width=&#8221;1\/5&#8243;][lab_heading title_tag=&#8221;H1&#8243; title=&#8221;Repert\u00f3rio&#8221;][\/lab_heading][\/vc_column][vc_column width=&#8221;4\/5&#8243;][vc_column_text]O repert\u00f3rio de Cl\u00e9lia inclui as principais obras dos compositores cl\u00e1ssicos, rom\u00e2nticos e tamb\u00e9m espanh\u00f3is e latino-americanos. A extens\u00e3o de seu repert\u00f3rio vem desde Scarlatti, Bach, Weber, Haydn, Mozart, Beethoven, Schubert, passando pelos grandes romanticos Schumann, Chopin, Liszt,&hellip;","og_url":"http:\/\/cleliairuzun.com\/wp\/pt\/repertorio\/","og_site_name":"Cl&eacute;lia Iruzun","article_publisher":"https:\/\/www.facebook.com\/clelia.iruzun","article_modified_time":"2019-03-31T11:46:39+00:00","twitter_card":"summary_large_image","twitter_site":"@CleliaIruzun","twitter_misc":{"Est. reading time":"4 minutes"},"schema":{"@context":"https:\/\/schema.org","@graph":[{"@type":"WebPage","@id":"http:\/\/cleliairuzun.com\/wp\/pt\/repertorio\/","url":"http:\/\/cleliairuzun.com\/wp\/pt\/repertorio\/","name":"Repertorio - Cl&eacute;lia Iruzun","isPartOf":{"@id":"http:\/\/cleliairuzun.com\/wp\/#website"},"datePublished":"2018-11-27T17:53:36+00:00","dateModified":"2019-03-31T11:46:39+00:00","breadcrumb":{"@id":"http:\/\/cleliairuzun.com\/wp\/pt\/repertorio\/#breadcrumb"},"inLanguage":"en","potentialAction":[{"@type":"ReadAction","target":["http:\/\/cleliairuzun.com\/wp\/pt\/repertorio\/"]}]},{"@type":"BreadcrumbList","@id":"http:\/\/cleliairuzun.com\/wp\/pt\/repertorio\/#breadcrumb","itemListElement":[{"@type":"ListItem","position":1,"name":"Home","item":"https:\/\/cleliairuzun.com\/wp\/"},{"@type":"ListItem","position":2,"name":"Repertorio"}]},{"@type":"WebSite","@id":"http:\/\/cleliairuzun.com\/wp\/#website","url":"http:\/\/cleliairuzun.com\/wp\/","name":"Cl\u00e9lia Iruzun","description":"Brazilian Pianist Based in London","potentialAction":[{"@type":"SearchAction","target":{"@type":"EntryPoint","urlTemplate":"http:\/\/cleliairuzun.com\/wp\/?s={search_term_string}"},"query-input":"required name=search_term_string"}],"inLanguage":"en"}]}},"_links":{"self":[{"href":"http:\/\/cleliairuzun.com\/wp\/wp-json\/wp\/v2\/pages\/4286"}],"collection":[{"href":"http:\/\/cleliairuzun.com\/wp\/wp-json\/wp\/v2\/pages"}],"about":[{"href":"http:\/\/cleliairuzun.com\/wp\/wp-json\/wp\/v2\/types\/page"}],"author":[{"embeddable":true,"href":"http:\/\/cleliairuzun.com\/wp\/wp-json\/wp\/v2\/users\/1"}],"replies":[{"embeddable":true,"href":"http:\/\/cleliairuzun.com\/wp\/wp-json\/wp\/v2\/comments?post=4286"}],"version-history":[{"count":20,"href":"http:\/\/cleliairuzun.com\/wp\/wp-json\/wp\/v2\/pages\/4286\/revisions"}],"predecessor-version":[{"id":4505,"href":"http:\/\/cleliairuzun.com\/wp\/wp-json\/wp\/v2\/pages\/4286\/revisions\/4505"}],"wp:attachment":[{"href":"http:\/\/cleliairuzun.com\/wp\/wp-json\/wp\/v2\/media?parent=4286"}],"curies":[{"name":"wp","href":"https:\/\/api.w.org\/{rel}","templated":true}]}}